{"id":2532,"date":"2023-07-27T16:24:21","date_gmt":"2023-07-27T19:24:21","guid":{"rendered":"https:\/\/javiergarrido.cl\/?page_id=2532"},"modified":"2025-03-20T17:57:33","modified_gmt":"2025-03-20T20:57:33","slug":"ilustracion","status":"publish","type":"page","link":"https:\/\/javiergarrido.cl\/index.php\/ilustracion\/","title":{"rendered":"Ilustraci\u00f3n"},"content":{"rendered":"\t\t<div data-elementor-type=\"wp-page\" data-elementor-id=\"2532\" class=\"elementor elementor-2532\" data-elementor-post-type=\"page\">\n\t\t\t\t\t\t<section class=\"elementor-section elementor-top-section elementor-element elementor-element-a0c1d0c elementor-section-boxed elementor-section-height-default elementor-section-height-default\" data-id=\"a0c1d0c\" data-element_type=\"section\" data-settings=\"{&quot;background_background&quot;:&quot;classic&quot;}\">\n\t\t\t\t\t\t<div class=\"elementor-container elementor-column-gap-no\">\n\t\t\t\t\t<div class=\"elementor-column elementor-col-100 elementor-top-column elementor-element elementor-element-d22b03c\" data-id=\"d22b03c\" data-element_type=\"column\">\n\t\t\t<div class=\"elementor-widget-wrap elementor-element-populated\">\n\t\t\t\t\t\t<div class=\"elementor-element elementor-element-8e00f81 e-grid-align-right e-grid-align-mobile-left elementor-shape-rounded elementor-grid-0 elementor-widget elementor-widget-social-icons\" data-id=\"8e00f81\" data-element_type=\"widget\" data-widget_type=\"social-icons.default\">\n\t\t\t\t<div class=\"elementor-widget-container\">\n\t\t\t\t\t\t\t<div class=\"elementor-social-icons-wrapper elementor-grid\" role=\"list\">\n\t\t\t\t\t\t\t<span class=\"elementor-grid-item\" role=\"listitem\">\n\t\t\t\t\t<a class=\"elementor-icon elementor-social-icon elementor-social-icon-instagram elementor-repeater-item-98e3510\" href=\"https:\/\/www.instagram.com\/alien65\/\" target=\"_blank\">\n\t\t\t\t\t\t<span class=\"elementor-screen-only\">Instagram<\/span>\n\t\t\t\t\t\t<i aria-hidden=\"true\" class=\"fab fa-instagram\"><\/i>\t\t\t\t\t<\/a>\n\t\t\t\t<\/span>\n\t\t\t\t\t\t\t<span class=\"elementor-grid-item\" role=\"listitem\">\n\t\t\t\t\t<a class=\"elementor-icon elementor-social-icon elementor-social-icon-x-twitter elementor-repeater-item-c6e63a9\" href=\"https:\/\/x.com\/Alien65\" target=\"_blank\">\n\t\t\t\t\t\t<span class=\"elementor-screen-only\">X-twitter<\/span>\n\t\t\t\t\t\t<i aria-hidden=\"true\" class=\"fab fa-x-twitter\"><\/i>\t\t\t\t\t<\/a>\n\t\t\t\t<\/span>\n\t\t\t\t\t\t\t<span class=\"elementor-grid-item\" role=\"listitem\">\n\t\t\t\t\t<a class=\"elementor-icon elementor-social-icon elementor-social-icon-youtube elementor-repeater-item-4779d88\" href=\"https:\/\/www.youtube.com\/@darkoandres\" target=\"_blank\">\n\t\t\t\t\t\t<span class=\"elementor-screen-only\">Youtube<\/span>\n\t\t\t\t\t\t<i aria-hidden=\"true\" class=\"fab fa-youtube\"><\/i>\t\t\t\t\t<\/a>\n\t\t\t\t<\/span>\n\t\t\t\t\t\t\t<span class=\"elementor-grid-item\" role=\"listitem\">\n\t\t\t\t\t<a class=\"elementor-icon elementor-social-icon elementor-social-icon-tumblr elementor-repeater-item-41cfb81\" href=\"https:\/\/alienxtreme.tumblr.com\" target=\"_blank\">\n\t\t\t\t\t\t<span class=\"elementor-screen-only\">Tumblr<\/span>\n\t\t\t\t\t\t<i aria-hidden=\"true\" class=\"fab fa-tumblr\"><\/i>\t\t\t\t\t<\/a>\n\t\t\t\t<\/span>\n\t\t\t\t\t<\/div>\n\t\t\t\t\t\t<\/div>\n\t\t\t\t<\/div>\n\t\t\t\t\t<\/div>\n\t\t<\/div>\n\t\t\t\t\t<\/div>\n\t\t<\/section>\n\t\t\t\t<section class=\"elementor-section elementor-top-section elementor-element elementor-element-6a0463a elementor-section-boxed elementor-section-height-default elementor-section-height-default\" data-id=\"6a0463a\" data-element_type=\"section\" data-settings=\"{&quot;background_background&quot;:&quot;classic&quot;}\">\n\t\t\t\t\t\t<div class=\"elementor-container elementor-column-gap-no\">\n\t\t\t\t\t<div class=\"elementor-column elementor-col-100 elementor-top-column elementor-element elementor-element-fd4f9b2\" data-id=\"fd4f9b2\" data-element_type=\"column\">\n\t\t\t<div class=\"elementor-widget-wrap elementor-element-populated\">\n\t\t\t\t\t\t<section class=\"elementor-section elementor-inner-section elementor-element elementor-element-c864d71 elementor-section-boxed elementor-section-height-default elementor-section-height-default\" data-id=\"c864d71\" data-element_type=\"section\">\n\t\t\t\t\t\t<div class=\"elementor-container elementor-column-gap-no\">\n\t\t\t\t\t<div class=\"elementor-column elementor-col-33 elementor-inner-column elementor-element elementor-element-5b84fed\" data-id=\"5b84fed\" data-element_type=\"column\">\n\t\t\t<div class=\"elementor-widget-wrap elementor-element-populated\">\n\t\t\t\t\t\t<div class=\"elementor-element elementor-element-bce6b21 elementor-widget elementor-widget-text-editor\" data-id=\"bce6b21\" data-element_type=\"widget\" data-widget_type=\"text-editor.default\">\n\t\t\t\t<div class=\"elementor-widget-container\">\n\t\t\t\t\t\t\t\t\t<h2 style=\"font-style: normal; margin-bottom: 0px; background-color: #f7f9fc;\" data-elementor-setting-key=\"title\" data-pen-placeholder=\"Teclea aqu\u00ed...\">Ilustraci\u00f3n<\/h2>\t\t\t\t\t\t\t\t<\/div>\n\t\t\t\t<\/div>\n\t\t\t\t\t<\/div>\n\t\t<\/div>\n\t\t\t\t<div class=\"elementor-column elementor-col-66 elementor-inner-column elementor-element elementor-element-997a7ab\" data-id=\"997a7ab\" data-element_type=\"column\">\n\t\t\t<div class=\"elementor-widget-wrap elementor-element-populated\">\n\t\t\t\t\t\t<div class=\"elementor-element elementor-element-a5b8954 elementor-widget elementor-widget-text-editor\" data-id=\"a5b8954\" data-element_type=\"widget\" data-widget_type=\"text-editor.default\">\n\t\t\t\t<div class=\"elementor-widget-container\">\n\t\t\t\t\t\t\t\t\t<p class=\"p1\"><strong>La ilustraci\u00f3n<\/strong> ya sea manual o digital, adopta numerosas formas y se usa para comunicar una impresi\u00f3n que el realismo de la fotograf\u00eda no siempre consigue.<br \/><strong>Fuente:<\/strong> Diccionario visual de dise\u00f1o gr\u00e1fico, P\u00e1g. 128.<\/p>\t\t\t\t\t\t\t\t<\/div>\n\t\t\t\t<\/div>\n\t\t\t\t\t<\/div>\n\t\t<\/div>\n\t\t\t\t\t<\/div>\n\t\t<\/section>\n\t\t\t\t<section class=\"elementor-section elementor-inner-section elementor-element elementor-element-3af2251 elementor-section-boxed elementor-section-height-default elementor-section-height-default\" data-id=\"3af2251\" data-element_type=\"section\">\n\t\t\t\t\t\t<div class=\"elementor-container elementor-column-gap-no\">\n\t\t\t\t\t<div class=\"elementor-column elementor-col-33 elementor-inner-column elementor-element elementor-element-5628589\" data-id=\"5628589\" data-element_type=\"column\">\n\t\t\t<div class=\"elementor-widget-wrap elementor-element-populated\">\n\t\t\t\t\t\t<div class=\"elementor-element elementor-element-a1b38b9 elementor-widget elementor-widget-image\" data-id=\"a1b38b9\" data-element_type=\"widget\" data-widget_type=\"image.default\">\n\t\t\t\t<div class=\"elementor-widget-container\">\n\t\t\t\t\t\t\t\t\t\t\t\t\t\t\t\t<a href=\"https:\/\/javiergarrido.cl\/wp-content\/uploads\/2023\/07\/ilustracion_1a.webp\" data-elementor-open-lightbox=\"yes\" data-elementor-lightbox-title=\"ilustracion_1a\" data-e-action-hash=\"#elementor-action%3Aaction%3Dlightbox%26settings%3DeyJpZCI6MjU1NSwidXJsIjoiaHR0cHM6XC9cL2phdmllcmdhcnJpZG8uY2xcL3dwLWNvbnRlbnRcL3VwbG9hZHNcLzIwMjNcLzA3XC9pbHVzdHJhY2lvbl8xYS53ZWJwIn0%3D\">\n\t\t\t\t\t\t\t<img fetchpriority=\"high\" decoding=\"async\" width=\"1407\" height=\"1800\" src=\"https:\/\/javiergarrido.cl\/wp-content\/uploads\/2023\/07\/ilustracion_1a.webp\" class=\"attachment-full size-full wp-image-2555\" alt=\"\" srcset=\"https:\/\/javiergarrido.cl\/wp-content\/uploads\/2023\/07\/ilustracion_1a.webp 1407w, https:\/\/javiergarrido.cl\/wp-content\/uploads\/2023\/07\/ilustracion_1a-235x300.webp 235w, https:\/\/javiergarrido.cl\/wp-content\/uploads\/2023\/07\/ilustracion_1a-800x1024.webp 800w, https:\/\/javiergarrido.cl\/wp-content\/uploads\/2023\/07\/ilustracion_1a-768x983.webp 768w, https:\/\/javiergarrido.cl\/wp-content\/uploads\/2023\/07\/ilustracion_1a-1201x1536.webp 1201w\" sizes=\"(max-width: 1407px) 100vw, 1407px\" \/>\t\t\t\t\t\t\t\t<\/a>\n\t\t\t\t\t\t\t\t\t\t\t\t\t\t\t<\/div>\n\t\t\t\t<\/div>\n\t\t\t\t\t<\/div>\n\t\t<\/div>\n\t\t\t\t<div class=\"elementor-column elementor-col-33 elementor-inner-column elementor-element elementor-element-f680c1a\" data-id=\"f680c1a\" data-element_type=\"column\">\n\t\t\t<div class=\"elementor-widget-wrap elementor-element-populated\">\n\t\t\t\t\t\t<div class=\"elementor-element elementor-element-cdbb13b elementor-widget elementor-widget-image\" data-id=\"cdbb13b\" data-element_type=\"widget\" data-widget_type=\"image.default\">\n\t\t\t\t<div class=\"elementor-widget-container\">\n\t\t\t\t\t\t\t\t\t\t\t\t\t\t\t\t<a href=\"https:\/\/javiergarrido.cl\/wp-content\/uploads\/2023\/07\/ilustracion_2a.webp\" data-elementor-open-lightbox=\"yes\" data-elementor-lightbox-title=\"ilustracion_2a\" data-e-action-hash=\"#elementor-action%3Aaction%3Dlightbox%26settings%3DeyJpZCI6MjU1NiwidXJsIjoiaHR0cHM6XC9cL2phdmllcmdhcnJpZG8uY2xcL3dwLWNvbnRlbnRcL3VwbG9hZHNcLzIwMjNcLzA3XC9pbHVzdHJhY2lvbl8yYS53ZWJwIn0%3D\">\n\t\t\t\t\t\t\t<img decoding=\"async\" width=\"1407\" height=\"1800\" src=\"https:\/\/javiergarrido.cl\/wp-content\/uploads\/2023\/07\/ilustracion_2a.webp\" class=\"attachment-full size-full wp-image-2556\" alt=\"\" srcset=\"https:\/\/javiergarrido.cl\/wp-content\/uploads\/2023\/07\/ilustracion_2a.webp 1407w, https:\/\/javiergarrido.cl\/wp-content\/uploads\/2023\/07\/ilustracion_2a-235x300.webp 235w, https:\/\/javiergarrido.cl\/wp-content\/uploads\/2023\/07\/ilustracion_2a-800x1024.webp 800w, https:\/\/javiergarrido.cl\/wp-content\/uploads\/2023\/07\/ilustracion_2a-768x983.webp 768w, https:\/\/javiergarrido.cl\/wp-content\/uploads\/2023\/07\/ilustracion_2a-1201x1536.webp 1201w\" sizes=\"(max-width: 1407px) 100vw, 1407px\" \/>\t\t\t\t\t\t\t\t<\/a>\n\t\t\t\t\t\t\t\t\t\t\t\t\t\t\t<\/div>\n\t\t\t\t<\/div>\n\t\t\t\t\t<\/div>\n\t\t<\/div>\n\t\t\t\t<div class=\"elementor-column elementor-col-33 elementor-inner-column elementor-element elementor-element-b833c7b\" data-id=\"b833c7b\" data-element_type=\"column\">\n\t\t\t<div class=\"elementor-widget-wrap elementor-element-populated\">\n\t\t\t\t\t\t<div class=\"elementor-element elementor-element-de26485 elementor-widget elementor-widget-image\" data-id=\"de26485\" data-element_type=\"widget\" data-widget_type=\"image.default\">\n\t\t\t\t<div class=\"elementor-widget-container\">\n\t\t\t\t\t\t\t\t\t\t\t\t\t\t\t\t<a href=\"https:\/\/javiergarrido.cl\/wp-content\/uploads\/2023\/07\/ilustracion_3a.webp\" data-elementor-open-lightbox=\"yes\" data-elementor-lightbox-title=\"ilustracion_3a\" data-e-action-hash=\"#elementor-action%3Aaction%3Dlightbox%26settings%3DeyJpZCI6MjU1NywidXJsIjoiaHR0cHM6XC9cL2phdmllcmdhcnJpZG8uY2xcL3dwLWNvbnRlbnRcL3VwbG9hZHNcLzIwMjNcLzA3XC9pbHVzdHJhY2lvbl8zYS53ZWJwIn0%3D\">\n\t\t\t\t\t\t\t<img decoding=\"async\" width=\"1407\" height=\"1800\" src=\"https:\/\/javiergarrido.cl\/wp-content\/uploads\/2023\/07\/ilustracion_3a.webp\" class=\"attachment-full size-full wp-image-2557\" alt=\"\" srcset=\"https:\/\/javiergarrido.cl\/wp-content\/uploads\/2023\/07\/ilustracion_3a.webp 1407w, https:\/\/javiergarrido.cl\/wp-content\/uploads\/2023\/07\/ilustracion_3a-235x300.webp 235w, https:\/\/javiergarrido.cl\/wp-content\/uploads\/2023\/07\/ilustracion_3a-800x1024.webp 800w, https:\/\/javiergarrido.cl\/wp-content\/uploads\/2023\/07\/ilustracion_3a-768x983.webp 768w, https:\/\/javiergarrido.cl\/wp-content\/uploads\/2023\/07\/ilustracion_3a-1201x1536.webp 1201w\" sizes=\"(max-width: 1407px) 100vw, 1407px\" \/>\t\t\t\t\t\t\t\t<\/a>\n\t\t\t\t\t\t\t\t\t\t\t\t\t\t\t<\/div>\n\t\t\t\t<\/div>\n\t\t\t\t\t<\/div>\n\t\t<\/div>\n\t\t\t\t\t<\/div>\n\t\t<\/section>\n\t\t\t\t<section class=\"elementor-section elementor-inner-section elementor-element elementor-element-9bdd720 elementor-section-boxed elementor-section-height-default elementor-section-height-default\" data-id=\"9bdd720\" data-element_type=\"section\">\n\t\t\t\t\t\t<div class=\"elementor-container elementor-column-gap-no\">\n\t\t\t\t\t<div class=\"elementor-column elementor-col-33 elementor-inner-column elementor-element elementor-element-4fbd508\" data-id=\"4fbd508\" data-element_type=\"column\">\n\t\t\t<div class=\"elementor-widget-wrap elementor-element-populated\">\n\t\t\t\t\t\t<div class=\"elementor-element elementor-element-4e38d93 elementor-widget elementor-widget-image\" data-id=\"4e38d93\" data-element_type=\"widget\" data-widget_type=\"image.default\">\n\t\t\t\t<div class=\"elementor-widget-container\">\n\t\t\t\t\t\t\t\t\t\t\t\t\t\t\t\t<a href=\"https:\/\/javiergarrido.cl\/wp-content\/uploads\/2023\/07\/ilustracion_4a.webp\" data-elementor-open-lightbox=\"yes\" data-elementor-lightbox-title=\"ilustracion_4a\" data-e-action-hash=\"#elementor-action%3Aaction%3Dlightbox%26settings%3DeyJpZCI6MjU2MSwidXJsIjoiaHR0cHM6XC9cL2phdmllcmdhcnJpZG8uY2xcL3dwLWNvbnRlbnRcL3VwbG9hZHNcLzIwMjNcLzA3XC9pbHVzdHJhY2lvbl80YS53ZWJwIn0%3D\">\n\t\t\t\t\t\t\t<img loading=\"lazy\" decoding=\"async\" width=\"1407\" height=\"1800\" src=\"https:\/\/javiergarrido.cl\/wp-content\/uploads\/2023\/07\/ilustracion_4a.webp\" class=\"attachment-full size-full wp-image-2561\" alt=\"\" srcset=\"https:\/\/javiergarrido.cl\/wp-content\/uploads\/2023\/07\/ilustracion_4a.webp 1407w, https:\/\/javiergarrido.cl\/wp-content\/uploads\/2023\/07\/ilustracion_4a-235x300.webp 235w, https:\/\/javiergarrido.cl\/wp-content\/uploads\/2023\/07\/ilustracion_4a-800x1024.webp 800w, https:\/\/javiergarrido.cl\/wp-content\/uploads\/2023\/07\/ilustracion_4a-768x983.webp 768w, https:\/\/javiergarrido.cl\/wp-content\/uploads\/2023\/07\/ilustracion_4a-1201x1536.webp 1201w\" sizes=\"(max-width: 1407px) 100vw, 1407px\" \/>\t\t\t\t\t\t\t\t<\/a>\n\t\t\t\t\t\t\t\t\t\t\t\t\t\t\t<\/div>\n\t\t\t\t<\/div>\n\t\t\t\t\t<\/div>\n\t\t<\/div>\n\t\t\t\t<div class=\"elementor-column elementor-col-33 elementor-inner-column elementor-element elementor-element-93c0225\" data-id=\"93c0225\" data-element_type=\"column\">\n\t\t\t<div class=\"elementor-widget-wrap elementor-element-populated\">\n\t\t\t\t\t\t<div class=\"elementor-element elementor-element-1b43caf elementor-widget elementor-widget-image\" data-id=\"1b43caf\" data-element_type=\"widget\" data-widget_type=\"image.default\">\n\t\t\t\t<div class=\"elementor-widget-container\">\n\t\t\t\t\t\t\t\t\t\t\t\t\t\t\t\t<a href=\"https:\/\/javiergarrido.cl\/wp-content\/uploads\/2023\/07\/ilustracion_5a.webp\" data-elementor-open-lightbox=\"yes\" data-elementor-lightbox-title=\"ilustracion_5a\" data-e-action-hash=\"#elementor-action%3Aaction%3Dlightbox%26settings%3DeyJpZCI6MjU2MiwidXJsIjoiaHR0cHM6XC9cL2phdmllcmdhcnJpZG8uY2xcL3dwLWNvbnRlbnRcL3VwbG9hZHNcLzIwMjNcLzA3XC9pbHVzdHJhY2lvbl81YS53ZWJwIn0%3D\">\n\t\t\t\t\t\t\t<img loading=\"lazy\" decoding=\"async\" width=\"1407\" height=\"1800\" src=\"https:\/\/javiergarrido.cl\/wp-content\/uploads\/2023\/07\/ilustracion_5a.webp\" class=\"attachment-full size-full wp-image-2562\" alt=\"\" srcset=\"https:\/\/javiergarrido.cl\/wp-content\/uploads\/2023\/07\/ilustracion_5a.webp 1407w, https:\/\/javiergarrido.cl\/wp-content\/uploads\/2023\/07\/ilustracion_5a-235x300.webp 235w, https:\/\/javiergarrido.cl\/wp-content\/uploads\/2023\/07\/ilustracion_5a-800x1024.webp 800w, https:\/\/javiergarrido.cl\/wp-content\/uploads\/2023\/07\/ilustracion_5a-768x983.webp 768w, https:\/\/javiergarrido.cl\/wp-content\/uploads\/2023\/07\/ilustracion_5a-1201x1536.webp 1201w\" sizes=\"(max-width: 1407px) 100vw, 1407px\" \/>\t\t\t\t\t\t\t\t<\/a>\n\t\t\t\t\t\t\t\t\t\t\t\t\t\t\t<\/div>\n\t\t\t\t<\/div>\n\t\t\t\t\t<\/div>\n\t\t<\/div>\n\t\t\t\t<div class=\"elementor-column elementor-col-33 elementor-inner-column elementor-element elementor-element-7119142\" data-id=\"7119142\" data-element_type=\"column\">\n\t\t\t<div class=\"elementor-widget-wrap elementor-element-populated\">\n\t\t\t\t\t\t<div class=\"elementor-element elementor-element-d98eaba elementor-widget elementor-widget-image\" data-id=\"d98eaba\" data-element_type=\"widget\" data-widget_type=\"image.default\">\n\t\t\t\t<div class=\"elementor-widget-container\">\n\t\t\t\t\t\t\t\t\t\t\t\t\t\t\t\t<a href=\"https:\/\/javiergarrido.cl\/wp-content\/uploads\/2023\/07\/ilustracion_6a.webp\" data-elementor-open-lightbox=\"yes\" data-elementor-lightbox-title=\"ilustracion_6a\" data-e-action-hash=\"#elementor-action%3Aaction%3Dlightbox%26settings%3DeyJpZCI6MjU2MywidXJsIjoiaHR0cHM6XC9cL2phdmllcmdhcnJpZG8uY2xcL3dwLWNvbnRlbnRcL3VwbG9hZHNcLzIwMjNcLzA3XC9pbHVzdHJhY2lvbl82YS53ZWJwIn0%3D\">\n\t\t\t\t\t\t\t<img loading=\"lazy\" decoding=\"async\" width=\"1407\" height=\"1800\" src=\"https:\/\/javiergarrido.cl\/wp-content\/uploads\/2023\/07\/ilustracion_6a.webp\" class=\"attachment-full size-full wp-image-2563\" alt=\"\" srcset=\"https:\/\/javiergarrido.cl\/wp-content\/uploads\/2023\/07\/ilustracion_6a.webp 1407w, https:\/\/javiergarrido.cl\/wp-content\/uploads\/2023\/07\/ilustracion_6a-235x300.webp 235w, https:\/\/javiergarrido.cl\/wp-content\/uploads\/2023\/07\/ilustracion_6a-800x1024.webp 800w, https:\/\/javiergarrido.cl\/wp-content\/uploads\/2023\/07\/ilustracion_6a-768x983.webp 768w, https:\/\/javiergarrido.cl\/wp-content\/uploads\/2023\/07\/ilustracion_6a-1201x1536.webp 1201w\" sizes=\"(max-width: 1407px) 100vw, 1407px\" \/>\t\t\t\t\t\t\t\t<\/a>\n\t\t\t\t\t\t\t\t\t\t\t\t\t\t\t<\/div>\n\t\t\t\t<\/div>\n\t\t\t\t\t<\/div>\n\t\t<\/div>\n\t\t\t\t\t<\/div>\n\t\t<\/section>\n\t\t\t\t\t<\/div>\n\t\t<\/div>\n\t\t\t\t\t<\/div>\n\t\t<\/section>\n\t\t\t\t<section class=\"elementor-section elementor-top-section elementor-element elementor-element-59a19a6 elementor-section-boxed elementor-section-height-default elementor-section-height-default\" data-id=\"59a19a6\" data-element_type=\"section\">\n\t\t\t\t\t\t<div class=\"elementor-container elementor-column-gap-default\">\n\t\t\t\t\t<div class=\"elementor-column elementor-col-100 elementor-top-column elementor-element elementor-element-0996de0\" data-id=\"0996de0\" data-element_type=\"column\">\n\t\t\t<div class=\"elementor-widget-wrap elementor-element-populated\">\n\t\t\t\t\t\t<div class=\"elementor-element elementor-element-95b0f84 elementor-shape-circle e-grid-align-right elementor-grid-0 elementor-widget elementor-widget-social-icons\" data-id=\"95b0f84\" data-element_type=\"widget\" data-widget_type=\"social-icons.default\">\n\t\t\t\t<div class=\"elementor-widget-container\">\n\t\t\t\t\t\t\t<div class=\"elementor-social-icons-wrapper elementor-grid\" role=\"list\">\n\t\t\t\t\t\t\t<span class=\"elementor-grid-item\" role=\"listitem\">\n\t\t\t\t\t<a class=\"elementor-icon elementor-social-icon elementor-social-icon-instagram elementor-repeater-item-93af5c0\" href=\"https:\/\/www.instagram.com\/alien65\/\" target=\"_blank\">\n\t\t\t\t\t\t<span class=\"elementor-screen-only\">Instagram<\/span>\n\t\t\t\t\t\t<i aria-hidden=\"true\" class=\"fab fa-instagram\"><\/i>\t\t\t\t\t<\/a>\n\t\t\t\t<\/span>\n\t\t\t\t\t\t\t<span class=\"elementor-grid-item\" role=\"listitem\">\n\t\t\t\t\t<a class=\"elementor-icon elementor-social-icon elementor-social-icon-x-twitter elementor-repeater-item-b3bc3ec\" href=\"https:\/\/x.com\/Alien65\" target=\"_blank\">\n\t\t\t\t\t\t<span class=\"elementor-screen-only\">X-twitter<\/span>\n\t\t\t\t\t\t<i aria-hidden=\"true\" class=\"fab fa-x-twitter\"><\/i>\t\t\t\t\t<\/a>\n\t\t\t\t<\/span>\n\t\t\t\t\t\t\t<span class=\"elementor-grid-item\" role=\"listitem\">\n\t\t\t\t\t<a class=\"elementor-icon elementor-social-icon elementor-social-icon-youtube elementor-repeater-item-e767384\" href=\"https:\/\/www.youtube.com\/@darkoandres\" target=\"_blank\">\n\t\t\t\t\t\t<span class=\"elementor-screen-only\">Youtube<\/span>\n\t\t\t\t\t\t<i aria-hidden=\"true\" class=\"fab fa-youtube\"><\/i>\t\t\t\t\t<\/a>\n\t\t\t\t<\/span>\n\t\t\t\t\t\t\t<span class=\"elementor-grid-item\" role=\"listitem\">\n\t\t\t\t\t<a class=\"elementor-icon elementor-social-icon elementor-social-icon-tumblr elementor-repeater-item-e4d901b\" href=\"https:\/\/alienxtreme.tumblr.com\" target=\"_blank\">\n\t\t\t\t\t\t<span class=\"elementor-screen-only\">Tumblr<\/span>\n\t\t\t\t\t\t<i aria-hidden=\"true\" class=\"fab fa-tumblr\"><\/i>\t\t\t\t\t<\/a>\n\t\t\t\t<\/span>\n\t\t\t\t\t<\/div>\n\t\t\t\t\t\t<\/div>\n\t\t\t\t<\/div>\n\t\t\t\t\t<\/div>\n\t\t<\/div>\n\t\t\t\t\t<\/div>\n\t\t<\/section>\n\t\t\t\t<\/div>\n\t\t","protected":false},"excerpt":{"rendered":"<p>Instagram X-twitter Youtube Tumblr Ilustraci\u00f3n La ilustraci\u00f3n ya sea manual o digital, adopta numerosas formas y se usa para comunicar una impresi\u00f3n que el realismo de la fotograf\u00eda no siempre consigue.Fuente: Diccionario visual de dise\u00f1o gr\u00e1fico, P\u00e1g. 128. Instagram X-twitter Youtube Tumblr<\/p>\n","protected":false},"author":1,"featured_media":0,"parent":0,"menu_order":0,"comment_status":"closed","ping_status":"closed","template":"","meta":{"site-sidebar-layout":"no-sidebar","site-content-layout":"page-builder","ast-site-content-layout":"default","site-content-style":"default","site-sidebar-style":"default","ast-global-header-display":"","ast-banner-title-visibility":"","ast-main-header-display":"","ast-hfb-above-header-display":"","ast-hfb-below-header-display":"","ast-hfb-mobile-header-display":"","site-post-title":"disabled","ast-breadcrumbs-content":"","ast-featured-img":"disabled","footer-sml-layout":"","theme-transparent-header-meta":"enabled","adv-header-id-meta":"","stick-header-meta":"","header-above-stick-meta":"","header-main-stick-meta":"","header-below-stick-meta":"","astra-migrate-meta-layouts":"default","ast-page-background-enabled":"default","ast-page-background-meta":{"desktop":{"background-color":"","background-image":"","background-repeat":"repeat","background-position":"center center","background-size":"auto","background-attachment":"scroll","background-type":"","background-media":"","overlay-type":"","overlay-color":"","overlay-opacity":"","overlay-gradient":""},"tablet":{"background-color":"","background-image":"","background-repeat":"repeat","background-position":"center center","background-size":"auto","background-attachment":"scroll","background-type":"","background-media":"","overlay-type":"","overlay-color":"","overlay-opacity":"","overlay-gradient":""},"mobile":{"background-color":"","background-image":"","background-repeat":"repeat","background-position":"center center","background-size":"auto","background-attachment":"scroll","background-type":"","background-media":"","overlay-type":"","overlay-color":"","overlay-opacity":"","overlay-gradient":""}},"ast-content-background-meta":{"desktop":{"background-color":"var(--ast-global-color-5)","background-image":"","background-repeat":"repeat","background-position":"center center","background-size":"auto","background-attachment":"scroll","background-type":"","background-media":"","overlay-type":"","overlay-color":"","overlay-opacity":"","overlay-gradient":""},"tablet":{"background-color":"var(--ast-global-color-5)","background-image":"","background-repeat":"repeat","background-position":"center center","background-size":"auto","background-attachment":"scroll","background-type":"","background-media":"","overlay-type":"","overlay-color":"","overlay-opacity":"","overlay-gradient":""},"mobile":{"background-color":"var(--ast-global-color-5)","background-image":"","background-repeat":"repeat","background-position":"center center","background-size":"auto","background-attachment":"scroll","background-type":"","background-media":"","overlay-type":"","overlay-color":"","overlay-opacity":"","overlay-gradient":""}},"footnotes":""},"class_list":["post-2532","page","type-page","status-publish","hentry"],"_links":{"self":[{"href":"https:\/\/javiergarrido.cl\/index.php\/wp-json\/wp\/v2\/pages\/2532","targetHints":{"allow":["GET"]}}],"collection":[{"href":"https:\/\/javiergarrido.cl\/index.php\/wp-json\/wp\/v2\/pages"}],"about":[{"href":"https:\/\/javiergarrido.cl\/index.php\/wp-json\/wp\/v2\/types\/page"}],"author":[{"embeddable":true,"href":"https:\/\/javiergarrido.cl\/index.php\/wp-json\/wp\/v2\/users\/1"}],"replies":[{"embeddable":true,"href":"https:\/\/javiergarrido.cl\/index.php\/wp-json\/wp\/v2\/comments?post=2532"}],"version-history":[{"count":28,"href":"https:\/\/javiergarrido.cl\/index.php\/wp-json\/wp\/v2\/pages\/2532\/revisions"}],"predecessor-version":[{"id":3413,"href":"https:\/\/javiergarrido.cl\/index.php\/wp-json\/wp\/v2\/pages\/2532\/revisions\/3413"}],"wp:attachment":[{"href":"https:\/\/javiergarrido.cl\/index.php\/wp-json\/wp\/v2\/media?parent=2532"}],"curies":[{"name":"wp","href":"https:\/\/api.w.org\/{rel}","templated":true}]}}